{"id":560,"date":"2025-05-15T10:12:47","date_gmt":"2025-05-15T10:12:47","guid":{"rendered":"https:\/\/damdomd.pl\/?page_id=560"},"modified":"2025-06-30T09:36:50","modified_gmt":"2025-06-30T09:36:50","slug":"o-nas-2","status":"publish","type":"page","link":"https:\/\/damdomd.pl\/","title":{"rendered":"O nas"},"content":{"rendered":"\n    \n    <section class=\"u-clearfix u-container-align-center-xs u-lightbox u-white u-section-2\" id=\"sec-1bed\">\n      <div class=\"u-clearfix u-sheet u-valign-bottom-lg u-valign-bottom-xl u-sheet-1\">\n        <h2 class=\"u-align-center u-custom-font u-font-oswald u-text u-text-custom-color-2 u-text-default u-text-1\" data-animation-name=\"customAnimationIn\" data-animation-duration=\"1200\" data-animation-delay=\"0\">warszawA<\/h2>\n        <div class=\"u-expanded-width u-list u-list-1\">\n          <div class=\"u-repeater u-repeater-1\">\n            <div class=\"u-list-item u-radius u-repeater-item u-shape-round u-list-item-1\" data-animation-name=\"customAnimationIn\" data-animation-duration=\"1500\" data-animation-delay=\"200\">\n              <div class=\"u-container-layout u-similar-container u-container-layout-1\">\n                <h5 class=\"u-align-center u-custom-font u-custom-item u-font-oswald u-text u-text-2\">aNICETA rESIDENCE<\/h5>\n                <h5 class=\"u-align-center u-text u-text-grey-40 u-text-3\"> 8 dom\u00f3w w zabudowie jednorodzinnej w Warszawie<\/h5>\n                <img decoding=\"async\" src=\"https:\/\/damdomd.pl\/wp-content\/uploads\/2025\/05\/KopiaWiz4ETAPIIlekkie2.png\" alt=\"\" class=\"u-expanded-width u-image u-image-round u-radius u-image-1\" data-image-width=\"1721\" data-image-height=\"971\">\n                <a href=\"https:\/\/anicetaresidence.pl\/\" class=\"u-active-custom-color-5 u-align-center u-border-active-palette-1-base u-border-hover-palette-1-base u-border-none u-btn u-button-style u-custom-color-5 u-custom-font u-font-oswald u-hover-custom-color-5 u-text-active-black u-text-body-alt-color u-text-hover-black u-btn-1\" data-animation-name=\"\" data-animation-duration=\"0\" data-animation-delay=\"0\" data-animation-direction=\"\">ZOBACZ INWESTYCJ\u0118<\/a>\n                <div class=\"u-container-style u-grey-15 u-group u-shape-rectangle u-group-1\">\n                  <div class=\"u-container-layout u-valign-middle u-container-layout-2\">\n                    <h6 class=\"u-align-center u-custom-font u-font-oswald u-text u-text-custom-color-1 u-text-default u-text-4\">\n                      <span class=\"u-file-icon u-icon u-icon-1\"><img decoding=\"async\" src=\"https:\/\/damdomd.pl\/wp-content\/uploads\/2025\/05\/time-left-01.png\" alt=\"\"><\/span> &nbsp;W sprzeda\u017cy \n                    <\/h6>\n                  <\/div>\n                <\/div>\n              <\/div>\n            <\/div>\n            <div class=\"u-list-item u-radius u-repeater-item u-shape-round u-list-item-2\" data-animation-name=\"customAnimationIn\" data-animation-duration=\"1500\" data-animation-delay=\"200\">\n              <div class=\"u-container-layout u-similar-container u-container-layout-3\">\n                <h5 class=\"u-align-center u-custom-font u-custom-item u-font-oswald u-text u-text-5\">Ma\u0142opolska residence<\/h5>\n                <h5 class=\"u-align-center u-text u-text-grey-40 u-text-6\">12 dom\u00f3w w zabudowie jednorodzinnej w Warszawie<\/h5>\n                <img decoding=\"async\" src=\"https:\/\/damdomd.pl\/wp-content\/uploads\/2025\/05\/sianowska-polana_7649bd.jpg\" alt=\"\" class=\"u-expanded-width u-image u-image-round u-radius u-image-2\" data-image-width=\"1500\" data-image-height=\"794\">\n                <a href=\"https:\/\/damdomd.pl\" class=\"u-active-custom-color-5 u-align-center u-border-active-palette-1-base u-border-hover-palette-1-base u-border-none u-btn u-button-style u-custom-color-5 u-custom-font u-font-oswald u-hover-custom-color-5 u-text-active-black u-text-body-alt-color u-text-hover-black u-btn-2\" data-animation-name=\"\" data-animation-duration=\"0\" data-animation-delay=\"0\" data-animation-direction=\"\">Strona w budowie<\/a>\n                <div class=\"u-container-style u-grey-15 u-group u-shape-rectangle u-group-2\">\n                  <div class=\"u-container-layout u-valign-middle u-container-layout-4\">\n                    <h6 class=\"u-align-center u-custom-font u-font-oswald u-text u-text-custom-color-6 u-text-default u-text-7\">\n                      <span class=\"u-file-icon u-icon u-icon-2\"><img decoding=\"async\" src=\"https:\/\/damdomd.pl\/wp-content\/uploads\/2025\/05\/pobrane-_1_-01.png\" alt=\"\"><\/span>&nbsp;\u200b\u200bW przygotowaniu \n                    <\/h6>\n                  <\/div>\n                <\/div>\n              <\/div>\n            <\/div>\n            <div class=\"u-list-item u-radius u-repeater-item u-shape-round u-list-item-3\" data-animation-name=\"customAnimationIn\" data-animation-duration=\"1500\" data-animation-delay=\"200\">\n              <div class=\"u-container-layout u-similar-container u-container-layout-5\">\n                <h5 class=\"u-align-center u-custom-font u-custom-item u-font-oswald u-text u-text-8\"> Luksusowe wILLE NA wOLI<\/h5>\n                <h5 class=\"u-align-center u-text u-text-grey-40 u-text-9\"> Luksusowe wille tu\u017c przy stacji metra Ulrych\u00f3w w Warszawie<\/h5>\n                <img decoding=\"async\" src=\"https:\/\/damdomd.pl\/wp-content\/uploads\/2025\/05\/w4-4.jpg\" alt=\"\" class=\"u-expanded-width u-image u-image-round u-radius u-image-3\" data-image-width=\"1956\" data-image-height=\"1100\">\n                <a href=\"https:\/\/damdomd.pl\" class=\"u-active-custom-color-5 u-align-center u-border-active-palette-1-base u-border-hover-palette-1-base u-border-none u-btn u-button-style u-custom-color-5 u-custom-font u-font-oswald u-hover-custom-color-5 u-text-active-black u-text-body-alt-color u-text-hover-black u-btn-3\" data-animation-name=\"\" data-animation-duration=\"0\" data-animation-delay=\"0\" data-animation-direction=\"\"> Strona w budowie<\/a>\n                <div class=\"u-container-style u-grey-15 u-group u-shape-rectangle u-group-3\">\n                  <div class=\"u-container-layout u-valign-middle u-container-layout-6\">\n                    <h6 class=\"u-align-center u-custom-font u-font-oswald u-text u-text-custom-color-6 u-text-default u-text-10\">\n                      <span class=\"u-file-icon u-icon\"><img decoding=\"async\" src=\"https:\/\/damdomd.pl\/wp-content\/uploads\/2025\/05\/pobrane-_1_-01.png\" alt=\"\"><\/span> &nbsp;\u200bW przygotowaniu \n                    <\/h6>\n                  <\/div>\n                <\/div>\n              <\/div>\n            <\/div>\n            <div class=\"u-list-item u-radius u-repeater-item u-shape-round u-list-item-4\" data-animation-name=\"customAnimationIn\" data-animation-duration=\"1500\" data-animation-delay=\"600\">\n              <div class=\"u-container-layout u-similar-container u-container-layout-7\">\n                <h5 class=\"u-align-center u-custom-font u-custom-item u-font-oswald u-text u-text-11\">&nbsp; &nbsp;<\/h5>\n                <h5 class=\"u-align-center u-text u-text-grey-40 u-text-12\">&nbsp; &nbsp;<\/h5>\n                <img decoding=\"async\" src=\"https:\/\/damdomd.pl\/wp-content\/uploads\/2025\/05\/sianowska-polana-zdjecie-inwestycji_644693.jpg\" alt=\"\" class=\"u-expanded-width u-image u-image-round u-radius u-image-4\" data-image-width=\"1500\" data-image-height=\"794\">\n                <a href=\"https:\/\/damdomd.pl\" class=\"u-active-custom-color-5 u-align-center u-border-active-palette-1-base u-border-hover-palette-1-base u-border-none u-btn u-button-style u-custom-color-5 u-custom-font u-font-oswald u-hover-custom-color-5 u-text-active-black u-text-body-alt-color u-text-hover-black u-btn-4\" data-animation-name=\"\" data-animation-duration=\"0\" data-animation-delay=\"0\" data-animation-direction=\"\"> Strona w budowie<\/a>\n                <div class=\"u-container-style u-grey-15 u-group u-shape-rectangle u-group-4\">\n                  <div class=\"u-container-layout u-valign-middle u-container-layout-8\">\n                    <h6 class=\"u-align-center u-custom-font u-font-oswald u-text u-text-custom-color-6 u-text-default u-text-13\">\n                      <span class=\"u-file-icon u-icon u-icon-4\"><img decoding=\"async\" src=\"https:\/\/damdomd.pl\/wp-content\/uploads\/2025\/05\/pobrane-_1_-01.png\" alt=\"\"><\/span>&nbsp;\u200bW przygotowaniu \n                    <\/h6>\n                  <\/div>\n                <\/div>\n              <\/div>\n            <\/div>\n          <\/div>\n        <\/div>\n      <\/div>\n    <\/section>\n    <section class=\"u-clearfix u-container-align-center-xs u-lightbox u-white u-section-3\" id=\"sec-3ab3\">\n      <div class=\"u-clearfix u-sheet u-sheet-1\">\n        <h2 class=\"u-align-center u-custom-font u-font-oswald u-text u-text-custom-color-2 u-text-default u-text-1\" data-animation-name=\"customAnimationIn\" data-animation-duration=\"1200\" data-animation-delay=\"0\">SIERPC<\/h2>\n        <div class=\"u-expanded-width u-list u-list-1\">\n          <div class=\"u-repeater u-repeater-1\">\n            <div class=\"u-list-item u-radius u-repeater-item u-shape-round u-list-item-1\" data-animation-name=\"customAnimationIn\" data-animation-duration=\"1500\" data-animation-delay=\"200\">\n              <div class=\"u-container-layout u-similar-container u-container-layout-1\">\n                <h5 class=\"u-align-center u-custom-font u-custom-item u-font-oswald u-text u-text-2\">Zacisze na Jasnej<\/h5>\n                <h5 class=\"u-align-center u-text u-text-grey-40 u-text-3\"> 6 dom\u00f3w w zabudowie jednorodzinnej w Sierpcu<\/h5>\n                <img decoding=\"async\" src=\"https:\/\/damdomd.pl\/wp-content\/uploads\/2025\/05\/6.111-2.jpg\" alt=\"\" class=\"u-expanded-width u-image u-image-round u-radius u-image-1\" data-image-width=\"2200\" data-image-height=\"1100\">\n                <a href=\"http:\/\/zaciszenajasnej.pl\" class=\"u-active-custom-color-5 u-align-center u-border-active-palette-1-base u-border-hover-palette-1-base u-border-none u-btn u-button-style u-custom-color-5 u-custom-font u-font-oswald u-hover-custom-color-5 u-text-active-black u-text-body-alt-color u-text-hover-black u-btn-1\" data-animation-name=\"\" data-animation-duration=\"0\" data-animation-delay=\"0\" data-animation-direction=\"\">ZOBACZ INWESTYCJ\u0118<\/a>\n                <div class=\"u-container-style u-grey-15 u-group u-shape-rectangle u-group-1\">\n                  <div class=\"u-container-layout u-valign-middle u-container-layout-2\">\n                    <h6 class=\"u-align-center u-custom-font u-font-oswald u-text u-text-custom-color-1 u-text-default u-text-4\">\n                      <span class=\"u-file-icon u-icon u-icon-1\"><img decoding=\"async\" src=\"https:\/\/damdomd.pl\/wp-content\/uploads\/2025\/05\/time-left-01.png\" alt=\"\"><\/span> &nbsp;W sprzeda\u017cy \n                    <\/h6>\n                  <\/div>\n                <\/div>\n              <\/div>\n            <\/div>\n            <div class=\"u-list-item u-radius u-repeater-item u-shape-round u-list-item-2\" data-animation-name=\"customAnimationIn\" data-animation-duration=\"1500\" data-animation-delay=\"200\">\n              <div class=\"u-container-layout u-similar-container u-container-layout-3\">\n                <h5 class=\"u-align-center u-custom-font u-custom-item u-font-oswald u-text u-text-5\">Zacisze na wiejskiej<\/h5>\n                <h5 class=\"u-align-center u-text u-text-grey-40 u-text-6\">4 domy w zabudowie jednorodzinnej w Sierpcu<\/h5>\n                <img decoding=\"async\" src=\"https:\/\/damdomd.pl\/wp-content\/uploads\/2025\/05\/4.12.08.21-2.jpg\" alt=\"\" class=\"u-expanded-width u-image u-image-round u-radius u-image-2\" data-image-width=\"2200\" data-image-height=\"1100\">\n                <a href=\"http:\/\/zaciszenawiejskiej.pl\" class=\"u-active-custom-color-5 u-align-center u-border-active-palette-1-base u-border-hover-palette-1-base u-border-none u-btn u-button-style u-custom-color-5 u-custom-font u-font-oswald u-hover-custom-color-5 u-text-active-black u-text-body-alt-color u-text-hover-black u-btn-2\" data-animation-name=\"\" data-animation-duration=\"0\" data-animation-delay=\"0\" data-animation-direction=\"\"> ZOBACZ INWESTYCJ\u0118<\/a>\n                <div class=\"u-container-style u-grey-15 u-group u-shape-rectangle u-group-2\">\n                  <div class=\"u-container-layout u-valign-middle u-container-layout-4\">\n                    <h6 class=\"u-align-center u-custom-font u-font-oswald u-text u-text-custom-color-6 u-text-default u-text-7\">\n                      <span class=\"u-text-palette-2-base\"><\/span>\n                      <span class=\"u-file-icon u-icon u-icon-2\"><img decoding=\"async\" src=\"https:\/\/damdomd.pl\/wp-content\/uploads\/2025\/05\/594864.png\" alt=\"\"><\/span>\n                      <span class=\"u-text-palette-2-base\">&nbsp;Zako\u0144czona<\/span>\n                    <\/h6>\n                  <\/div>\n                <\/div>\n              <\/div>\n            <\/div>\n          <\/div>\n        <\/div>\n      <\/div>\n    <\/section>\n    <section class=\"u-align-center u-clearfix u-container-align-center u-image u-shading u-section-4\" id=\"block-1\" data-image-width=\"3526\" data-image-height=\"1189\" style=\"background-image: linear-gradient(0deg, rgba(51, 51, 51, 0.8), rgba(51, 51, 51, 0.8)), url(&quot;https:\/\/damdomd.pl\/wp-content\/uploads\/2025\/05\/warszawa_z_drona-aleksander_glowacki-15.webp&quot;);\">\n      <div class=\"u-clearfix u-sheet u-sheet-1\">\n        <h2 class=\"u-align-center u-custom-font u-font-oswald u-text u-text-default u-text-white u-text-1\" data-animation-name=\"customAnimationIn\" data-animation-duration=\"1200\" data-animation-delay=\"0\"> kupimy grunty <\/h2>\n        <p class=\"u-align-center u-custom-font u-heading-font u-large-text u-text u-text-variant u-text-2\"> Szukamy grunt\u00f3w pod nowe inwestycje!  \nJe\u015bli posiadasz teren na sprzeda\u017c, ch\u0119tnie go poznamy. Prze\u015blij nam informacje o swojej dzia\u0142ce, a my skontaktujemy si\u0119 z Tob\u0105, aby om\u00f3wi\u0107 szczeg\u00f3\u0142y. Wype\u0142nij formularz kontaktowy \u2013 czekamy na Tw\u00f3j kontakt!<\/p>\n      <\/div>\n    <\/section>\n    <section class=\"u-clearfix u-section-5\" id=\"sec-01ca\">\n      <div class=\"u-clearfix u-sheet u-valign-bottom-lg u-valign-bottom-xl u-sheet-1\">\n        <div class=\"data-layout-selected u-clearfix u-expanded-width u-layout-wrap u-layout-wrap-1\">\n          <div class=\"u-layout\">\n            <div class=\"u-layout-row\">\n              <div class=\"u-container-style u-layout-cell u-size-30 u-layout-cell-1\">\n                <div class=\"u-container-layout u-container-layout-1\">\n                  <div class=\"custom-expanded u-clearfix u-container-align-left-sm u-container-align-left-xs u-group-elements u-group-elements-1\">\n                    <h1 class=\"u-align-left u-custom-font u-text u-text-body-color u-text-font u-text-1\">Masz grunt na sprzeda\u017c?<\/h1>\n                    <p class=\"u-align-justify-lg u-align-justify-md u-align-justify-xl u-align-left-sm u-align-left-xs u-text u-text-2\" data-animation-name=\"\" data-animation-duration=\"0\" data-animation-delay=\"0\" data-animation-direction=\"\">Skontaktuj si\u0119 z nami<br>\n                      <br>\n                    <\/p>\n                  <\/div>\n                  <div class=\"u-form u-form-1\">\n                    <form action=\"https:\/\/forms.nicepagesrv.com\/v2\/form\/process\" class=\"u-clearfix u-form-spacing-10 u-form-vertical u-inner-form\" style=\"padding: 10px\" source=\"email\" name=\"Kontakt_formularz\">\n                      <div class=\"u-form-group u-form-name u-label-none\">\n                        <label for=\"name-da97\" class=\"u-label\">Name<\/label>\n                        <input type=\"text\" placeholder=\"Imie i nazwisko\" id=\"name-da97\" name=\"Kontakt_imie_i_nazwisko\" class=\"u-border-2 u-border-grey-5 u-input u-input-rectangle u-radius-11 u-input-1\" required=\"\">\n                      <\/div>\n                      <div class=\"u-form-group u-form-phone u-label-none u-form-group-2\">\n                        <label for=\"phone-b163\" class=\"u-label\">Telefon<\/label>\n                        <input type=\"tel\" pattern=\"+?d{0,3}[s(-]?([0-9]{2,3})[s)-]?([s-]?)([0-9]{3})[s-]?([0-9]{2})[s-]?([0-9]{2})\" placeholder=\"Numer telefonu\" id=\"phone-b163\" name=\"Kontakt_telefon\" class=\"u-border-2 u-border-grey-5 u-input u-input-rectangle u-radius-11 u-input-2\" required=\"\">\n                      <\/div>\n                      <div class=\"u-form-email u-form-group u-label-none\">\n                        <label for=\"email-da97\" class=\"u-label\">Email<\/label>\n                        <input type=\"email\" placeholder=\"E-mail\" id=\"email-da97\" name=\"Kontakt_email\" class=\"u-border-2 u-border-grey-5 u-input u-input-rectangle u-radius-11 u-input-3\" required=\"\">\n                      <\/div>\n                      <div class=\"u-form-group u-form-message u-label-none\">\n                        <label for=\"message-da97\" class=\"u-label\">Message<\/label>\n                        <textarea placeholder=\"Adres gruntu\" rows=\"1\" cols=\"50\" id=\"message-da97\" name=\"Adres gruntu\" class=\"u-border-2 u-border-grey-5 u-input u-input-rectangle u-radius-11 u-input-4\" required=\"\"><\/textarea>\n                      <\/div>\n                      <div class=\"u-form-group u-form-textarea u-label-none u-form-group-5\">\n                        <label for=\"textarea-1630\" class=\"u-label\">Pole tekstowe<\/label>\n                        <textarea rows=\"1\" cols=\"50\" id=\"textarea-1630\" name=\"Powierzchnia\" class=\"u-border-2 u-border-grey-5 u-input u-input-rectangle u-radius u-input-5\" required=\"\" placeholder=\"Powierzchnia\"><\/textarea>\n                      <\/div>\n                      <div class=\"u-form-group u-form-textarea u-label-none u-form-group-6\">\n                        <label for=\"textarea-0e1b\" class=\"u-label\">Pole tekstowe<\/label>\n                        <textarea rows=\"1\" cols=\"50\" id=\"textarea-0e1b\" name=\"Cena\" class=\"u-border-2 u-border-grey-5 u-input u-input-rectangle u-radius u-input-6\" placeholder=\"Proponowana cena\"><\/textarea>\n                      <\/div>\n                      <div class=\"u-form-checkbox-group u-form-group u-label-none u-form-group-7\">\n                        <label class=\"u-label\">Pola wyboru<\/label>\n                        <div class=\"u-form-checkbox-group-wrapper\">\n                          <div class=\"u-input-row\">\n                            <input id=\"field-593f\" type=\"checkbox\" name=\"checkbox[]\" value=\"Akceptuj\u0119 Polityk\u0119 Prywatno\u015bci. Wyra\u017cam zgod\u0119 na przetwarzanie danych osobowych.\" class=\"u-field-input\" data-calc=\"\" checked=\"checked\">\n                            <label class=\"u-field-label\" for=\"field-593f\" style=\"font-size: 0.75rem; font-weight: 300;\">Akceptuj\u0119 Polityk\u0119 Prywatno\u015bci. Wyra\u017cam zgod\u0119 na przetwarzanie danych osobowych.<\/label>\n                          <\/div>\n                        <\/div>\n                      <\/div>\n                      <div class=\"u-align-center u-form-group u-form-submit\">\n                        <a href=\"#\" class=\"u-active-black u-border-none u-btn u-btn-round u-btn-submit u-button-style u-custom-color-5 u-hover-black u-radius-11 u-btn-1\">Wy\u015blij<\/a>\n                        <input type=\"submit\" value=\"submit\" class=\"u-form-control-hidden\">\n                      <\/div>\n                      <div class=\"u-form-send-message u-form-send-success\">Dzi\u0119kujemy! Twoja wiadomo\u015b\u0107 zosta\u0142a wys\u0142ana!<\/div>\n                      <div class=\"u-form-send-error u-form-send-message\">Przepraszamy, wiadomo\u015b\u0107 nie mog\u0142a zosta\u0107 wys\u0142ana. Popraw b\u0142\u0119dy i spr\u00f3buj ponownie.<\/div>\n                      <input type=\"hidden\" value=\"\" name=\"recaptchaResponse\">\n                      <input type=\"hidden\" name=\"formServices\" value=\"ef653bf4-4ec6-e6c0-f95a-7b42d04f97a9\">\n                    <\/form>\n                  <\/div>\n                <\/div>\n              <\/div>\n              <div class=\"u-align-center-xs u-container-style u-layout-cell u-size-30 u-layout-cell-2\">\n                <div class=\"u-container-layout u-container-layout-2\">\n                  <h1 class=\"u-align-left-lg u-align-left-md u-align-left-sm u-align-left-xl u-custom-font u-text u-text-body-color u-text-font u-text-3\">Kontakt<\/h1>\n                  <a href=\"tel:+48 570 562 049\" class=\"u-align-center-xs u-align-left-lg u-align-left-md u-align-left-sm u-align-left-xl u-btn u-button-style u-none u-text-active-palette-3-base u-text-body-color u-text-hover-palette-3-base u-btn-2\">\n                    <span class=\"u-icon\"><svg class=\"u-svg-content\" viewBox=\"0 0 513.64 513.64\" x=\"0px\" y=\"0px\" style=\"width: 1em; height: 1em;\"><path d=\"M499.66,376.96l-71.68-71.68c-25.6-25.6-69.12-15.359-79.36,17.92c-7.68,23.041-33.28,35.841-56.32,30.72 c-51.2-12.8-120.32-79.36-133.12-133.12c-7.68-23.041,7.68-48.641,30.72-56.32c33.28-10.24,43.52-53.76,17.92-79.36l-71.68-71.68 c-20.48-17.92-51.2-17.92-69.12,0l-48.64,48.64c-48.64,51.2,5.12,186.88,125.44,307.2c120.32,120.32,256,176.641,307.2,125.44 l48.64-48.64C517.581,425.6,517.581,394.88,499.66,376.96z\"><\/path><\/svg><\/span>&nbsp;+48 570 562 049 \n                  <\/a>\n                  <a href=\"mailto:biuro@damdomd.pl\" class=\"u-align-center-xs u-align-left-lg u-align-left-md u-align-left-sm u-align-left-xl u-border-none u-btn u-button-style u-none u-btn-3\">\n                    <span class=\"u-file-icon u-icon u-text-white\"><img decoding=\"async\" src=\"\/f53a66512a35f\/646094-d32b5ee5.png\" alt=\"\"><\/span>\n                    <span class=\"u-file-icon u-icon u-text-black u-icon-3\"><img decoding=\"async\" src=\"https:\/\/damdomd.pl\/wp-content\/uploads\/2025\/05\/4e73c3d8.png\" alt=\"\"><\/span>&nbsp;&nbsp;biuro@damdomd.pl \n                  <\/a>\n                <\/div>\n              <\/div>\n            <\/div>\n          <\/div>\n        <\/div>\n      <\/div>\n    <\/section>\n    <section class=\"u-clearfix u-grey-5 u-section-6\" id=\"sec-e50e\">\n      <div class=\"u-clearfix u-sheet u-sheet-1\">\n        <h1 class=\"u-align-center u-custom-font u-font-oswald u-text u-text-body-color u-text-1\">Dane grupy kapita\u0142owej<\/h1>\n        <div class=\"data-layout-selected u-clearfix u-expanded-width u-layout-wrap u-layout-wrap-1\">\n          <div class=\"u-gutter-0 u-layout\">\n            <div class=\"u-layout-row\">\n              <div class=\"u-container-style u-layout-cell u-shape-rectangle u-size-20 u-layout-cell-1\">\n                <div class=\"u-container-layout u-container-layout-1\">\n                  <p class=\"u-align-center u-text u-text-2\" data-animation-name=\"\" data-animation-duration=\"0\" data-animation-delay=\"0\" data-animation-direction=\"\">\n                    <span style=\"font-weight: 500;\"> DAMDOM Sp. z o.o.<\/span>\n                    <br>ul. Nowogrodzka 31<br>00-511 Warszawa<br>NIP: 7011023439<br>KRS: 0000887393<br>\n                  <\/p>\n                <\/div>\n              <\/div>\n              <div class=\"u-container-style u-layout-cell u-shape-rectangle u-size-20 u-layout-cell-2\">\n                <div class=\"u-container-layout u-container-layout-2\">\n                  <p class=\"u-align-center u-text u-text-3\" data-animation-name=\"\" data-animation-duration=\"0\" data-animation-delay=\"0\" data-animation-direction=\"\">\n                    <span style=\"font-weight: 500;\">Damdom Jasna Sp. z o.o.<\/span>\n                    <br>ul. Nowogrodzka 31<br>00-511 Warszawa<br>NIP: 7011050353<br>KRS: 0000919560<br>\n                  <\/p>\n                <\/div>\n              <\/div>\n              <div class=\"u-container-style u-layout-cell u-size-20 u-layout-cell-3\">\n                <div class=\"u-container-layout u-valign-middle u-container-layout-3\">\n                  <p class=\"u-align-center u-text u-text-4\" data-animation-name=\"\" data-animation-duration=\"0\" data-animation-delay=\"0\" data-animation-direction=\"\">\n                    <span style=\"font-weight: 500;\">NEW APARTS INVEST Sp. z o.o.<\/span>\n                    <br>ul. Nowogrodzka 31<br>00-511 Warszawa<br>NIP 7011074520<br>KRS: 0000953656<br>\n                  <\/p>\n                <\/div>\n              <\/div>\n            <\/div>\n          <\/div>\n        <\/div>\n      <\/div>\n    <\/section>\n    \n    \n    \n    \n  \n","protected":false},"excerpt":{"rendered":"<p>warszawA aNICETA rESIDENCE 8 dom\u00f3w w zabudowie jednorodzinnej w Warszawie ZOBACZ INWESTYCJ\u0118 &nbsp;W sprzeda\u017cy Ma\u0142opolska residence 12 dom\u00f3w w zabudowie jednorodzinnej w Warszawie Strona w budowie &nbsp;\u200b\u200bW przygotowaniu Luksusowe wILLE NA wOLI Luksusowe wille tu\u017c przy stacji metra Ulrych\u00f3w w Warszawie Strona w budowie &nbsp;\u200bW przygotowaniu &nbsp; &nbsp; &nbsp; &nbsp; Strona w budowie &nbsp;\u200bW przygotowaniu &hellip; <a href=\"https:\/\/damdomd.pl\/\" class=\"more-link\">Continue reading<span class=\"screen-reader-text\"> &#8222;O nas&#8221;<\/span><\/a><\/p>\n","protected":false},"author":1,"featured_media":0,"parent":0,"menu_order":2,"comment_status":"closed","ping_status":"closed","template":"","meta":{"om_disable_all_campaigns":false,"_monsterinsights_skip_tracking":false,"_monsterinsights_sitenote_active":false,"_monsterinsights_sitenote_note":"","_monsterinsights_sitenote_category":0,"footnotes":""},"class_list":["post-560","page","type-page","status-publish","hentry"],"_links":{"self":[{"href":"https:\/\/damdomd.pl\/index.php?rest_route=\/wp\/v2\/pages\/560","targetHints":{"allow":["GET"]}}],"collection":[{"href":"https:\/\/damdomd.pl\/index.php?rest_route=\/wp\/v2\/pages"}],"about":[{"href":"https:\/\/damdomd.pl\/index.php?rest_route=\/wp\/v2\/types\/page"}],"author":[{"embeddable":true,"href":"https:\/\/damdomd.pl\/index.php?rest_route=\/wp\/v2\/users\/1"}],"replies":[{"embeddable":true,"href":"https:\/\/damdomd.pl\/index.php?rest_route=%2Fwp%2Fv2%2Fcomments&post=560"}],"version-history":[{"count":4,"href":"https:\/\/damdomd.pl\/index.php?rest_route=\/wp\/v2\/pages\/560\/revisions"}],"predecessor-version":[{"id":571,"href":"https:\/\/damdomd.pl\/index.php?rest_route=\/wp\/v2\/pages\/560\/revisions\/571"}],"wp:attachment":[{"href":"https:\/\/damdomd.pl\/index.php?rest_route=%2Fwp%2Fv2%2Fmedia&parent=560"}],"curies":[{"name":"wp","href":"https:\/\/api.w.org\/{rel}","templated":true}]}}